{"id":17773,"date":"2020-03-28T22:14:46","date_gmt":"2020-03-28T21:14:46","guid":{"rendered":"http:\/\/3.127.134.199\/comtebarcelona\/en\/?post_type=product&#038;p=17773"},"modified":"2020-04-08T16:03:04","modified_gmt":"2020-04-08T14:03:04","slug":"cuentos-del-gorrion-que-leia-filosofia","status":"publish","type":"product","link":"https:\/\/comtebarcelona.com\/zh\/books\/cuentos-del-gorrion-que-leia-filosofia\/","title":{"rendered":"CUENTOS DEL GORRI\u00d3N QUE LE\u00cdA FILOSOF\u00cdA"},"content":{"rendered":"","protected":false},"excerpt":{"rendered":"","protected":false},"featured_media":17774,"template":"","meta":[],"product_cat":[74],"product_tag":[],"class_list":{"0":"post-17773","1":"product","2":"type-product","3":"status-publish","4":"has-post-thumbnail","6":"product_cat-jorge-i-aguadero-casado","8":"first","9":"instock","10":"taxable","11":"shipping-taxable","12":"purchasable","13":"product-type-simple"},"_links":{"self":[{"href":"https:\/\/comtebarcelona.com\/zh\/wp-json\/wp\/v2\/product\/17773","targetHints":{"allow":["GET"]}}],"collection":[{"href":"https:\/\/comtebarcelona.com\/zh\/wp-json\/wp\/v2\/product"}],"about":[{"href":"https:\/\/comtebarcelona.com\/zh\/wp-json\/wp\/v2\/types\/product"}],"wp:featuredmedia":[{"embeddable":true,"href":"https:\/\/comtebarcelona.com\/zh\/wp-json\/wp\/v2\/media\/17774"}],"wp:attachment":[{"href":"https:\/\/comtebarcelona.com\/zh\/wp-json\/wp\/v2\/media?parent=17773"}],"wp:term":[{"taxonomy":"product_cat","embeddable":true,"href":"https:\/\/comtebarcelona.com\/zh\/wp-json\/wp\/v2\/product_cat?post=17773"},{"taxonomy":"product_tag","embeddable":true,"href":"https:\/\/comtebarcelona.com\/zh\/wp-json\/wp\/v2\/product_tag?post=17773"}],"curies":[{"name":"wp","href":"https:\/\/api.w.org\/{rel}","templated":true}]}}