{"id":13187,"date":"2018-11-01T10:23:25","date_gmt":"2018-11-01T10:23:25","guid":{"rendered":"http:\/\/printpress.cmsmasters.net\/?post_type=product&#038;p=13187"},"modified":"2021-01-02T12:13:17","modified_gmt":"2021-01-02T11:13:17","slug":"el-vendedor-de-suenos","status":"publish","type":"product","link":"https:\/\/comtebarcelona.com\/es\/books\/el-vendedor-de-suenos\/","title":{"rendered":"EL VENDEDOR DE SUE\u00d1OS"},"content":{"rendered":"<p>[cmsmasters_row data_shortcode_id=\u00bbfca5a3118e\u00bb][cmsmasters_column data_width=\u00bb1\/1&#8243;][cmsmasters_text shortcode_id=\u00bbe736787d8a\u00bb]<\/p>\n<p>Una ciudad del Mediterr\u00e1neo, \u00e9poca actual. \u00c9l es un joven convencido de que ya nada puede hacer por enderezar su vida y ella, como un juguete roto, se ha abandonado. Son dos almas sin nombre entre centenares de miles de extra\u00f1os. Lo que ignoran es que, gracias a la intervenci\u00f3n de un vagabundo que vende sue\u00f1os, sus caminos van a cruzarse.<\/p>\n<p>En esta odisea urbana entran en juego diversos personajes, como el ejecutivo desencantado que anhela redenci\u00f3n, e historias entrelazadas que convergen en un espacio com\u00fan: la necesidad de encontrar compa\u00f1\u00eda y refugio fuera del marco conceptual que se nos ha dado. Es por eso que, en EL VENDEDOR DE SUE\u00d1OS, la psic\u00f3loga sabe que su lucha contra el tiempo es un quemarse los d\u00edas. Del mismo modo, la joven que a todos fascina solo quiere desaparecer. Y la anciana, Carmen, soporta los golpes tras una sonrisa huidiza.<\/p>\n<p>Es una realidad dist\u00f3pica, al abrigo del llamado \u201crealismo m\u00e1gico\u201d, siempre hay algo m\u00e1s de lo aparente. La urbe cobra vida, la m\u00fasica gobierna las sensaciones. Orden y Caos libran batalla en el coraz\u00f3n de los personajes, estando el Bien en un polo de la discusi\u00f3n que a muchos sorprender\u00e1.d<\/p>\n<p>[\/cmsmasters_text][\/cmsmasters_column][\/cmsmasters_row]<\/p>\n","protected":false},"excerpt":{"rendered":"<p>Una ciudad del Mediterr\u00e1neo, \u00e9poca actual. \u00c9l es un joven convencido de que ya nada puede hacer por enderezar su vida y ella, como un juguete roto, se ha abandonado. Son dos almas sin nombre entre centenares de miles de extra\u00f1os. Lo que ignoran es que, gracias a la intervenci\u00f3n de un vagabundo que vende sue\u00f1os, sus caminos van a cruzarse.<\/p>\n","protected":false},"featured_media":16325,"template":"","meta":[],"product_cat":[74],"product_tag":[79,98,133],"class_list":{"0":"post-13187","1":"product","2":"type-product","3":"status-publish","4":"has-post-thumbnail","6":"product_cat-jorge-i-aguadero-casado","7":"product_tag-fantasy","8":"product_tag-mystery","9":"product_tag-133","11":"first","12":"instock","13":"featured","14":"taxable","15":"shipping-taxable","16":"purchasable","17":"product-type-simple"},"_links":{"self":[{"href":"https:\/\/comtebarcelona.com\/es\/wp-json\/wp\/v2\/product\/13187","targetHints":{"allow":["GET"]}}],"collection":[{"href":"https:\/\/comtebarcelona.com\/es\/wp-json\/wp\/v2\/product"}],"about":[{"href":"https:\/\/comtebarcelona.com\/es\/wp-json\/wp\/v2\/types\/product"}],"wp:featuredmedia":[{"embeddable":true,"href":"https:\/\/comtebarcelona.com\/es\/wp-json\/wp\/v2\/media\/16325"}],"wp:attachment":[{"href":"https:\/\/comtebarcelona.com\/es\/wp-json\/wp\/v2\/media?parent=13187"}],"wp:term":[{"taxonomy":"product_cat","embeddable":true,"href":"https:\/\/comtebarcelona.com\/es\/wp-json\/wp\/v2\/product_cat?post=13187"},{"taxonomy":"product_tag","embeddable":true,"href":"https:\/\/comtebarcelona.com\/es\/wp-json\/wp\/v2\/product_tag?post=13187"}],"curies":[{"name":"wp","href":"https:\/\/api.w.org\/{rel}","templated":true}]}}